{"id":37,"date":"2018-08-24T21:15:46","date_gmt":"2018-08-24T19:15:46","guid":{"rendered":"http:\/\/le-moulin-de-boulede.com\/?page_id=37"},"modified":"2021-07-13T14:53:24","modified_gmt":"2021-07-13T12:53:24","slug":"contact","status":"publish","type":"page","link":"https:\/\/le-moulin-de-boulede.com\/index.php\/contact\/","title":{"rendered":"Contact"},"content":{"rendered":"\t\t<div data-elementor-type=\"wp-post\" data-elementor-id=\"37\" class=\"elementor elementor-37\">\n\t\t\t\t\t\t<section class=\"elementor-section elementor-top-section elementor-element elementor-element-5e05dd2 elementor-section-boxed elementor-section-height-default elementor-section-height-default\" data-id=\"5e05dd2\" data-element_type=\"section\" data-e-type=\"section\">\n\t\t\t\t\t\t<div class=\"elementor-container elementor-column-gap-default\">\n\t\t\t\t\t<div class=\"elementor-column elementor-col-100 elementor-top-column elementor-element elementor-element-2f62be6\" data-id=\"2f62be6\" data-element_type=\"column\" data-e-type=\"column\">\n\t\t\t<div class=\"elementor-widget-wrap elementor-element-populated\">\n\t\t\t\t\t\t<div class=\"elementor-element elementor-element-ec47061 elementor-widget elementor-widget-text-editor\" data-id=\"ec47061\" data-element_type=\"widget\" data-e-type=\"widget\" data-widget_type=\"text-editor.default\">\n\t\t\t\t<div class=\"elementor-widget-container\">\n\t\t\t\t\t\t\t\t\t<p style=\"text-align: center;\"><strong>Guy &amp; Rosa Ehret<\/strong><br \/><strong>Le Moulin de Boul\u00e8de<\/strong><br \/><strong>Route de Cancon<\/strong><br \/><strong>47150 Monflanquin<\/strong><\/p><p style=\"text-align: center;\"><strong>T\u00e9l\u00e9phone : +33 6 62 53 07 86<\/strong><br \/><strong>Adresse mail : moulin.boulede@gmail.com<\/strong><\/p>\t\t\t\t\t\t\t\t<\/div>\n\t\t\t\t<\/div>\n\t\t\t\t\t<\/div>\n\t\t<\/div>\n\t\t\t\t\t<\/div>\n\t\t<\/section>\n\t\t\t\t<section class=\"elementor-section elementor-top-section elementor-element elementor-element-676447fe elementor-section-boxed elementor-section-height-default elementor-section-height-default\" data-id=\"676447fe\" data-element_type=\"section\" data-e-type=\"section\">\n\t\t\t\t\t\t<div class=\"elementor-container elementor-column-gap-default\">\n\t\t\t\t\t<div class=\"elementor-column elementor-col-100 elementor-top-column elementor-element elementor-element-53f009fa\" data-id=\"53f009fa\" data-element_type=\"column\" data-e-type=\"column\">\n\t\t\t<div class=\"elementor-widget-wrap elementor-element-populated\">\n\t\t\t\t\t\t<div class=\"elementor-element elementor-element-ab6f240 elementor-shape-square elementor-grid-0 e-grid-align-center elementor-widget elementor-widget-social-icons\" data-id=\"ab6f240\" data-element_type=\"widget\" data-e-type=\"widget\" data-widget_type=\"social-icons.default\">\n\t\t\t\t<div class=\"elementor-widget-container\">\n\t\t\t\t\t\t\t<div class=\"elementor-social-icons-wrapper elementor-grid\">\n\t\t\t\t\t\t\t<span class=\"elementor-grid-item\">\n\t\t\t\t\t<a class=\"elementor-icon elementor-social-icon elementor-social-icon-facebook elementor-repeater-item-6162167\" href=\"https:\/\/www.facebook.com\/lemoulindeboulede47150\/\" target=\"_blank\">\n\t\t\t\t\t\t<span class=\"elementor-screen-only\">Facebook<\/span>\n\t\t\t\t\t\t\t\t\t\t\t\t\t<i class=\"fa fa-facebook\" aria-hidden=\"true\"><\/i>\n\t\t\t\t\t\t\t\t\t\t\t<\/a>\n\t\t\t\t<\/span>\n\t\t\t\t\t<\/div>\n\t\t\t\t\t\t<\/div>\n\t\t\t\t<\/div>\n\t\t\t\t<div class=\"elementor-element elementor-element-e531132 elementor-widget elementor-widget-heading\" data-id=\"e531132\" data-element_type=\"widget\" data-e-type=\"widget\" data-widget_type=\"heading.default\">\n\t\t\t\t<div class=\"elementor-widget-container\">\n\t\t\t\t\t<h2 class=\"elementor-heading-title elementor-size-default\">Vous pouvez aussi nous contacter via ce formulaire<\/h2>\t\t\t\t<\/div>\n\t\t\t\t<\/div>\n\t\t\t\t\t<\/div>\n\t\t<\/div>\n\t\t\t\t\t<\/div>\n\t\t<\/section>\n\t\t\t\t<section class=\"elementor-section elementor-top-section elementor-element elementor-element-899be21 elementor-section-boxed elementor-section-height-default elementor-section-height-default\" data-id=\"899be21\" data-element_type=\"section\" data-e-type=\"section\">\n\t\t\t\t\t\t<div class=\"elementor-container elementor-column-gap-default\">\n\t\t\t\t\t<div class=\"elementor-column elementor-col-100 elementor-top-column elementor-element elementor-element-a693263\" data-id=\"a693263\" data-element_type=\"column\" data-e-type=\"column\">\n\t\t\t<div class=\"elementor-widget-wrap elementor-element-populated\">\n\t\t\t\t\t\t<div class=\"elementor-element elementor-element-0b8ce1e elementor-widget elementor-widget-shortcode\" data-id=\"0b8ce1e\" data-element_type=\"widget\" data-e-type=\"widget\" data-widget_type=\"shortcode.default\">\n\t\t\t\t<div class=\"elementor-widget-container\">\n\t\t\t\t\t\t\t<div class=\"elementor-shortcode\">\n<div class=\"wpcf7 no-js\" id=\"wpcf7-f47-o1\" lang=\"fr-FR\" dir=\"ltr\" data-wpcf7-id=\"47\">\n<div class=\"screen-reader-response\"><p role=\"status\" aria-live=\"polite\" aria-atomic=\"true\"><\/p> <ul><\/ul><\/div>\n<form action=\"\/index.php\/wp-json\/wp\/v2\/pages\/37#wpcf7-f47-o1\" method=\"post\" class=\"wpcf7-form init\" aria-label=\"Formulaire de contact\" novalidate=\"novalidate\" data-status=\"init\">\n<fieldset class=\"hidden-fields-container\"><input type=\"hidden\" name=\"_wpcf7\" value=\"47\" \/><input type=\"hidden\" name=\"_wpcf7_version\" value=\"6.1.5\" \/><input type=\"hidden\" name=\"_wpcf7_locale\" value=\"fr_FR\" \/><input type=\"hidden\" name=\"_wpcf7_unit_tag\" value=\"wpcf7-f47-o1\" \/><input type=\"hidden\" name=\"_wpcf7_container_post\" value=\"0\" \/><input type=\"hidden\" name=\"_wpcf7_posted_data_hash\" value=\"\" \/>\n<\/fieldset>\n<p><label> Votre nom (obligatoire)<br \/>\n<span class=\"wpcf7-form-control-wrap\" data-name=\"your-name\"><input size=\"40\" maxlength=\"400\" class=\"wpcf7-form-control wpcf7-text wpcf7-validates-as-required\" aria-required=\"true\" aria-invalid=\"false\" value=\"\" type=\"text\" name=\"your-name\" \/><\/span> <\/label>\n<\/p>\n<p><label> Votre adresse de messagerie (obligatoire)<br \/>\n<span class=\"wpcf7-form-control-wrap\" data-name=\"your-email\"><input size=\"40\" maxlength=\"400\" class=\"wpcf7-form-control wpcf7-email wpcf7-validates-as-required wpcf7-text wpcf7-validates-as-email\" aria-required=\"true\" aria-invalid=\"false\" value=\"\" type=\"email\" name=\"your-email\" \/><\/span> <\/label>\n<\/p>\n<p><label> Objet<br \/>\n<span class=\"wpcf7-form-control-wrap\" data-name=\"your-subject\"><input size=\"40\" maxlength=\"400\" class=\"wpcf7-form-control wpcf7-text\" aria-invalid=\"false\" value=\"\" type=\"text\" name=\"your-subject\" \/><\/span> <\/label>\n<\/p>\n<p><label> Votre message<br \/>\n<span class=\"wpcf7-form-control-wrap\" data-name=\"your-message\"><textarea cols=\"40\" rows=\"10\" maxlength=\"2000\" class=\"wpcf7-form-control wpcf7-textarea\" aria-invalid=\"false\" name=\"your-message\"><\/textarea><\/span> <\/label>\n<\/p>\n<p><input class=\"wpcf7-form-control wpcf7-submit has-spinner\" type=\"submit\" value=\"Envoyer\" \/>\n<\/p><div class=\"wpcf7-response-output\" aria-hidden=\"true\"><\/div>\n<\/form>\n<\/div>\n<\/div>\n\t\t\t\t\t\t<\/div>\n\t\t\t\t<\/div>\n\t\t\t\t\t<\/div>\n\t\t<\/div>\n\t\t\t\t\t<\/div>\n\t\t<\/section>\n\t\t\t\t<\/div>\n\t\t","protected":false},"excerpt":{"rendered":"<p>Guy &amp; Rosa EhretLe Moulin de Boul\u00e8deRoute de Cancon47150 Monflanquin T\u00e9l\u00e9phone : +33 6 62 53 07 86Adresse mail : moulin.boulede@gmail.com Facebook Vous pouvez aussi nous contacter via ce formulaire<\/p>\n","protected":false},"author":1,"featured_media":0,"parent":0,"menu_order":0,"comment_status":"closed","ping_status":"closed","template":"","meta":{"footnotes":""},"class_list":["post-37","page","type-page","status-publish","hentry"],"yoast_head":"<!-- This site is optimized with the Yoast SEO plugin v27.3 - https:\/\/yoast.com\/product\/yoast-seo-wordpress\/ -->\n<title>Contact - Le Moulin de Boul\u00e8de<\/title>\n<meta name=\"description\" content=\"Une page qui donne l&#039;adresse et le num\u00e9ro de t\u00e9l\u00e8phone du moulin de boulede afin d&#039;avoir un contact avec ce merveilleuse endroit de r\u00eave o\u00f9 trouver le moulin\" \/>\n<meta name=\"robots\" content=\"index, follow, max-snippet:-1, max-image-preview:large, max-video-preview:-1\" \/>\n<link rel=\"canonical\" href=\"https:\/\/le-moulin-de-boulede.com\/index.php\/contact\/\" \/>\n<meta property=\"og:locale\" content=\"fr_FR\" \/>\n<meta property=\"og:type\" content=\"article\" \/>\n<meta property=\"og:title\" content=\"Contact - Le Moulin de Boul\u00e8de\" \/>\n<meta property=\"og:description\" content=\"Une page qui donne l&#039;adresse et le num\u00e9ro de t\u00e9l\u00e8phone du moulin de boulede afin d&#039;avoir un contact avec ce merveilleuse endroit de r\u00eave o\u00f9 trouver le moulin\" \/>\n<meta property=\"og:url\" content=\"https:\/\/le-moulin-de-boulede.com\/index.php\/contact\/\" \/>\n<meta property=\"og:site_name\" content=\"Le Moulin de Boul\u00e8de\" \/>\n<meta property=\"article:modified_time\" content=\"2021-07-13T12:53:24+00:00\" \/>\n<meta name=\"twitter:card\" content=\"summary_large_image\" \/>\n<meta name=\"twitter:label1\" content=\"Dur\u00e9e de lecture estim\u00e9e\" \/>\n\t<meta name=\"twitter:data1\" content=\"1 minute\" \/>\n<script type=\"application\/ld+json\" class=\"yoast-schema-graph\">{\"@context\":\"https:\\\/\\\/schema.org\",\"@graph\":[{\"@type\":\"WebPage\",\"@id\":\"https:\\\/\\\/le-moulin-de-boulede.com\\\/index.php\\\/contact\\\/\",\"url\":\"https:\\\/\\\/le-moulin-de-boulede.com\\\/index.php\\\/contact\\\/\",\"name\":\"Contact - Le Moulin de Boul\u00e8de\",\"isPartOf\":{\"@id\":\"https:\\\/\\\/le-moulin-de-boulede.com\\\/#website\"},\"datePublished\":\"2018-08-24T19:15:46+00:00\",\"dateModified\":\"2021-07-13T12:53:24+00:00\",\"description\":\"Une page qui donne l'adresse et le num\u00e9ro de t\u00e9l\u00e8phone du moulin de boulede afin d'avoir un contact avec ce merveilleuse endroit de r\u00eave o\u00f9 trouver le moulin\",\"breadcrumb\":{\"@id\":\"https:\\\/\\\/le-moulin-de-boulede.com\\\/index.php\\\/contact\\\/#breadcrumb\"},\"inLanguage\":\"fr-FR\",\"potentialAction\":[{\"@type\":\"ReadAction\",\"target\":[\"https:\\\/\\\/le-moulin-de-boulede.com\\\/index.php\\\/contact\\\/\"]}]},{\"@type\":\"BreadcrumbList\",\"@id\":\"https:\\\/\\\/le-moulin-de-boulede.com\\\/index.php\\\/contact\\\/#breadcrumb\",\"itemListElement\":[{\"@type\":\"ListItem\",\"position\":1,\"name\":\"Accueil\",\"item\":\"https:\\\/\\\/le-moulin-de-boulede.com\\\/\"},{\"@type\":\"ListItem\",\"position\":2,\"name\":\"Contact\"}]},{\"@type\":\"WebSite\",\"@id\":\"https:\\\/\\\/le-moulin-de-boulede.com\\\/#website\",\"url\":\"https:\\\/\\\/le-moulin-de-boulede.com\\\/\",\"name\":\"Le Moulin De Boulede\",\"description\":\"Manger, dormir, r\u00eaver...\",\"potentialAction\":[{\"@type\":\"SearchAction\",\"target\":{\"@type\":\"EntryPoint\",\"urlTemplate\":\"https:\\\/\\\/le-moulin-de-boulede.com\\\/?s={search_term_string}\"},\"query-input\":{\"@type\":\"PropertyValueSpecification\",\"valueRequired\":true,\"valueName\":\"search_term_string\"}}],\"inLanguage\":\"fr-FR\"}]}<\/script>\n<!-- \/ Yoast SEO plugin. -->","yoast_head_json":{"title":"Contact - Le Moulin de Boul\u00e8de","description":"Une page qui donne l'adresse et le num\u00e9ro de t\u00e9l\u00e8phone du moulin de boulede afin d'avoir un contact avec ce merveilleuse endroit de r\u00eave o\u00f9 trouver le moulin","robots":{"index":"index","follow":"follow","max-snippet":"max-snippet:-1","max-image-preview":"max-image-preview:large","max-video-preview":"max-video-preview:-1"},"canonical":"https:\/\/le-moulin-de-boulede.com\/index.php\/contact\/","og_locale":"fr_FR","og_type":"article","og_title":"Contact - Le Moulin de Boul\u00e8de","og_description":"Une page qui donne l'adresse et le num\u00e9ro de t\u00e9l\u00e8phone du moulin de boulede afin d'avoir un contact avec ce merveilleuse endroit de r\u00eave o\u00f9 trouver le moulin","og_url":"https:\/\/le-moulin-de-boulede.com\/index.php\/contact\/","og_site_name":"Le Moulin de Boul\u00e8de","article_modified_time":"2021-07-13T12:53:24+00:00","twitter_card":"summary_large_image","twitter_misc":{"Dur\u00e9e de lecture estim\u00e9e":"1 minute"},"schema":{"@context":"https:\/\/schema.org","@graph":[{"@type":"WebPage","@id":"https:\/\/le-moulin-de-boulede.com\/index.php\/contact\/","url":"https:\/\/le-moulin-de-boulede.com\/index.php\/contact\/","name":"Contact - Le Moulin de Boul\u00e8de","isPartOf":{"@id":"https:\/\/le-moulin-de-boulede.com\/#website"},"datePublished":"2018-08-24T19:15:46+00:00","dateModified":"2021-07-13T12:53:24+00:00","description":"Une page qui donne l'adresse et le num\u00e9ro de t\u00e9l\u00e8phone du moulin de boulede afin d'avoir un contact avec ce merveilleuse endroit de r\u00eave o\u00f9 trouver le moulin","breadcrumb":{"@id":"https:\/\/le-moulin-de-boulede.com\/index.php\/contact\/#breadcrumb"},"inLanguage":"fr-FR","potentialAction":[{"@type":"ReadAction","target":["https:\/\/le-moulin-de-boulede.com\/index.php\/contact\/"]}]},{"@type":"BreadcrumbList","@id":"https:\/\/le-moulin-de-boulede.com\/index.php\/contact\/#breadcrumb","itemListElement":[{"@type":"ListItem","position":1,"name":"Accueil","item":"https:\/\/le-moulin-de-boulede.com\/"},{"@type":"ListItem","position":2,"name":"Contact"}]},{"@type":"WebSite","@id":"https:\/\/le-moulin-de-boulede.com\/#website","url":"https:\/\/le-moulin-de-boulede.com\/","name":"Le Moulin De Boulede","description":"Manger, dormir, r\u00eaver...","potentialAction":[{"@type":"SearchAction","target":{"@type":"EntryPoint","urlTemplate":"https:\/\/le-moulin-de-boulede.com\/?s={search_term_string}"},"query-input":{"@type":"PropertyValueSpecification","valueRequired":true,"valueName":"search_term_string"}}],"inLanguage":"fr-FR"}]}},"_links":{"self":[{"href":"https:\/\/le-moulin-de-boulede.com\/index.php\/wp-json\/wp\/v2\/pages\/37","targetHints":{"allow":["GET"]}}],"collection":[{"href":"https:\/\/le-moulin-de-boulede.com\/index.php\/wp-json\/wp\/v2\/pages"}],"about":[{"href":"https:\/\/le-moulin-de-boulede.com\/index.php\/wp-json\/wp\/v2\/types\/page"}],"author":[{"embeddable":true,"href":"https:\/\/le-moulin-de-boulede.com\/index.php\/wp-json\/wp\/v2\/users\/1"}],"replies":[{"embeddable":true,"href":"https:\/\/le-moulin-de-boulede.com\/index.php\/wp-json\/wp\/v2\/comments?post=37"}],"version-history":[{"count":11,"href":"https:\/\/le-moulin-de-boulede.com\/index.php\/wp-json\/wp\/v2\/pages\/37\/revisions"}],"predecessor-version":[{"id":426,"href":"https:\/\/le-moulin-de-boulede.com\/index.php\/wp-json\/wp\/v2\/pages\/37\/revisions\/426"}],"wp:attachment":[{"href":"https:\/\/le-moulin-de-boulede.com\/index.php\/wp-json\/wp\/v2\/media?parent=37"}],"curies":[{"name":"wp","href":"https:\/\/api.w.org\/{rel}","templated":true}]}}