{"id":195,"date":"2019-01-18T11:26:16","date_gmt":"2019-01-18T10:26:16","guid":{"rendered":"http:\/\/le-moulin-de-boulede.com\/?page_id=195"},"modified":"2021-07-13T14:52:22","modified_gmt":"2021-07-13T12:52:22","slug":"les-activites","status":"publish","type":"page","link":"https:\/\/le-moulin-de-boulede.com\/index.php\/les-activites\/","title":{"rendered":"Les Activit\u00e9s"},"content":{"rendered":"\t\t<div data-elementor-type=\"wp-post\" data-elementor-id=\"195\" class=\"elementor elementor-195\">\n\t\t\t\t\t\t<section class=\"elementor-section elementor-top-section elementor-element elementor-element-b2b62fb elementor-section-boxed elementor-section-height-default elementor-section-height-default\" data-id=\"b2b62fb\" data-element_type=\"section\" data-e-type=\"section\">\n\t\t\t\t\t\t<div class=\"elementor-container elementor-column-gap-default\">\n\t\t\t\t\t<div class=\"elementor-column elementor-col-100 elementor-top-column elementor-element elementor-element-8c0fb62\" data-id=\"8c0fb62\" data-element_type=\"column\" data-e-type=\"column\">\n\t\t\t<div class=\"elementor-widget-wrap elementor-element-populated\">\n\t\t\t\t\t\t<div class=\"elementor-element elementor-element-caaf47e elementor-widget elementor-widget-heading\" data-id=\"caaf47e\" data-element_type=\"widget\" data-e-type=\"widget\" data-widget_type=\"heading.default\">\n\t\t\t\t<div class=\"elementor-widget-container\">\n\t\t\t\t\t<h2 class=\"elementor-heading-title elementor-size-default\">Au Moulin<\/h2>\t\t\t\t<\/div>\n\t\t\t\t<\/div>\n\t\t\t\t\t<\/div>\n\t\t<\/div>\n\t\t\t\t\t<\/div>\n\t\t<\/section>\n\t\t\t\t<section class=\"elementor-section elementor-top-section elementor-element elementor-element-37345fe elementor-section-boxed elementor-section-height-default elementor-section-height-default\" data-id=\"37345fe\" data-element_type=\"section\" data-e-type=\"section\">\n\t\t\t\t\t\t<div class=\"elementor-container elementor-column-gap-default\">\n\t\t\t\t\t<div class=\"elementor-column elementor-col-100 elementor-top-column elementor-element elementor-element-ee67be1\" data-id=\"ee67be1\" data-element_type=\"column\" data-e-type=\"column\">\n\t\t\t<div class=\"elementor-widget-wrap elementor-element-populated\">\n\t\t\t\t\t\t<div class=\"elementor-element elementor-element-42f7db3 elementor-widget elementor-widget-text-editor\" data-id=\"42f7db3\" data-element_type=\"widget\" data-e-type=\"widget\" data-widget_type=\"text-editor.default\">\n\t\t\t\t<div class=\"elementor-widget-container\">\n\t\t\t\t\t\t\t\t\t<ul><li>Terrain de p\u00e9tanque<\/li><li>Balade autour du lac *<\/li><li>Cano\u00eb sur le lac *<\/li><li>La p\u00eache<\/li><li>V\u00e9los \u00e0 disposition (adultes et enfants)<\/li><li>Babyfoot<\/li><li>Ping-pong<\/li><li>Piscine, tennis, \u00e9quitation \u00e0 proximit\u00e9<\/li><li>P\u00e9dalo<\/li><\/ul><p><em>* Pour les activit\u00e9s aquatiques, les enfants doivent \u00eatre obligatoirement encadr\u00e9s des parents.<\/em><\/p>\t\t\t\t\t\t\t\t<\/div>\n\t\t\t\t<\/div>\n\t\t\t\t\t<\/div>\n\t\t<\/div>\n\t\t\t\t\t<\/div>\n\t\t<\/section>\n\t\t\t\t<section class=\"elementor-section elementor-top-section elementor-element elementor-element-031a736 elementor-section-boxed elementor-section-height-default elementor-section-height-default\" data-id=\"031a736\" data-element_type=\"section\" data-e-type=\"section\">\n\t\t\t\t\t\t<div class=\"elementor-container elementor-column-gap-default\">\n\t\t\t\t\t<div class=\"elementor-column elementor-col-100 elementor-top-column elementor-element elementor-element-aa1e020\" data-id=\"aa1e020\" data-element_type=\"column\" data-e-type=\"column\">\n\t\t\t<div class=\"elementor-widget-wrap elementor-element-populated\">\n\t\t\t\t\t\t<div class=\"elementor-element elementor-element-a0be107 elementor-widget elementor-widget-heading\" data-id=\"a0be107\" data-element_type=\"widget\" data-e-type=\"widget\" data-widget_type=\"heading.default\">\n\t\t\t\t<div class=\"elementor-widget-container\">\n\t\t\t\t\t<h2 class=\"elementor-heading-title elementor-size-default\">Dans la r\u00e9gion<\/h2>\t\t\t\t<\/div>\n\t\t\t\t<\/div>\n\t\t\t\t\t<\/div>\n\t\t<\/div>\n\t\t\t\t\t<\/div>\n\t\t<\/section>\n\t\t\t\t<section class=\"elementor-section elementor-top-section elementor-element elementor-element-dbea533 elementor-section-boxed elementor-section-height-default elementor-section-height-default\" data-id=\"dbea533\" data-element_type=\"section\" data-e-type=\"section\">\n\t\t\t\t\t\t<div class=\"elementor-container elementor-column-gap-default\">\n\t\t\t\t\t<div class=\"elementor-column elementor-col-100 elementor-top-column elementor-element elementor-element-4128cdd\" data-id=\"4128cdd\" data-element_type=\"column\" data-e-type=\"column\">\n\t\t\t<div class=\"elementor-widget-wrap elementor-element-populated\">\n\t\t\t\t\t\t<div class=\"elementor-element elementor-element-15a4c2d elementor-widget elementor-widget-text-editor\" data-id=\"15a4c2d\" data-element_type=\"widget\" data-e-type=\"widget\" data-widget_type=\"text-editor.default\">\n\t\t\t\t<div class=\"elementor-widget-container\">\n\t\t\t\t\t\t\t\t\t<p>Sur la commune de Monflanquin, id\u00e9alement situ\u00e9e entre les villes de Bordeaux, Agen et Bergerac, le moulin sera votre \u00ab\u00a0pied-\u00e0-terre\u00a0\u00bb pour la visite des plus beaux villages de France et des ch\u00e2teaux m\u00e9di\u00e9vaux.<\/p><p><strong><span style=\"text-decoration: underline;\">Bastide de Monflanquin<\/span><\/strong> : Perch\u00e9e sur son Pech, la Bastide de Monflanquin est cr\u00e9\u00e9e en 1256 par Alphonse de Poitiers. Elle est class\u00e9e \u00ab\u00a0plus beau village de France\u00a0\u00bb. Depuis 1989, la commune est station verte de vacances. Cette ville \u00ab\u00a0neuve\u00a0\u00bb du Moyen-\u00c2ge reprend les caract\u00e9ristiques des bastides : un plan orthogonal avec ses rues charreti\u00e8res et traversi\u00e8res, sa place centrale et ses arcades. L&rsquo;\u00e9glise gothique, les carr\u00e9rots et la Maison dite du \u00ab\u00a0Prince Noir\u00a0\u00bb en font sa particularit\u00e9.<\/p><p><strong>Jour de march\u00e9 : le jeudi matin.<\/strong><\/p><p><strong>Durant la saison estivale, chaque jeudi soir, march\u00e9 nocturne des producteurs locaux.<\/strong><\/p><p><strong>M\u00e9di\u00e9vales de Monflanquin : week-end du 15 ao\u00fbt (pendant 3 jours).<\/strong><\/p><p><strong><span style=\"text-decoration: underline;\">Autres bastides de la vall\u00e9e<\/span><\/strong> : Tournon d&rsquo;Agenais, Penne D&rsquo;agenais, Villeneuve sur Lot&#8230;<\/p><p><span style=\"text-decoration: underline;\"><strong>Viller\u00e9al<\/strong><\/span> : Bastide naturellement authentique aux portes du P\u00e9rigord. \u00c9difi\u00e9 au XIII\u00e8me si\u00e8cle en seulement quatre ans, le village dispose d&rsquo;un plan r\u00e9gulier correspondant parfaitement aux Bastides. Une halle aux vastes proportions et dot\u00e9e d&rsquo;un \u00e9tage en torchis fut implant\u00e9e sur la place principale. L&rsquo;\u00e9glise, v\u00e9ritable forteresse, date du XIIIe si\u00e8cle. En fl\u00e2nant dans les ruelles, vous d\u00e9couvrirez des maisons \u00e0 colombages, encorbellement et meneaux ainsi que des jardins clos \u00e0 l&rsquo;ancienne.<\/p><p><strong>Jour de march\u00e9 de Viller\u00e9al le samedi matin.<\/strong><\/p><p><strong>Brocante : le 2\u00e8me dimanche de chaque mois.<\/strong><\/p><p><span style=\"text-decoration: underline;\"><strong>Ch\u00e2teaux :<br \/><\/strong><\/span>Gavaudun, Bonaguil, Biron, Castelnaud, etc.<\/p><p>Notre maison d&rsquo;h\u00f4tes est en plein c\u0153ur d&rsquo;un r\u00e9seau de circuits de randonn\u00e9es p\u00e9destres et cyclotouristes, qui est notamment travers\u00e9 par le chemin de St-Jacques de Compostelle (GR652).<\/p><p>Le domaine est \u00e9galement entour\u00e9 de cours d&rsquo;eau et de lacs propices \u00e0 la p\u00eache (Lot, L\u00e8de).<\/p><p>Vous pourrez \u00e9galement en apprendre plus sur la culture de notre r\u00e9gion gr\u00e2ce \u00e0 ses producteurs de pays (Mus\u00e9e du Foie Gras de Frespech, le pruneau, la tourti\u00e8re, &#8230;).<\/p><blockquote><p>\u00ab\u00a0<em>Proche des vignobles de Quercy (Th\u00e9zac-Perricard, Cahors, Coteaux du Quercy), le Moulin de Boul\u00e8de pourra \u00eatre un point de d\u00e9part de la d\u00e9couverte des vignobles, l&rsquo;appellation Taste Vin pouvant \u00eatre promue.<\/em>\u00a0\u00bb (G\u00eetes de France Lot-et-Garonne)<\/p><\/blockquote>\t\t\t\t\t\t\t\t<\/div>\n\t\t\t\t<\/div>\n\t\t\t\t<div class=\"elementor-element elementor-element-6b07151 elementor-widget elementor-widget-heading\" data-id=\"6b07151\" data-element_type=\"widget\" data-e-type=\"widget\" data-widget_type=\"heading.default\">\n\t\t\t\t<div class=\"elementor-widget-container\">\n\t\t\t\t\t<h2 class=\"elementor-heading-title elementor-size-default\">Contacts touristiques<\/h2>\t\t\t\t<\/div>\n\t\t\t\t<\/div>\n\t\t\t\t<div class=\"elementor-element elementor-element-3680f1e elementor-widget elementor-widget-text-editor\" data-id=\"3680f1e\" data-element_type=\"widget\" data-e-type=\"widget\" data-widget_type=\"text-editor.default\">\n\t\t\t\t<div class=\"elementor-widget-container\">\n\t\t\t\t\t\t\t\t\t<p><span style=\"text-decoration: underline;\"><strong>Office du tourisme Monflanquin<\/strong><\/span> : <a href=\"http:\/\/www.coeurdebastides.com\">www.coeurdebastides.com<\/a> \/ 05 53 36 40 19<br \/><span style=\"text-decoration: underline;\"><strong>D\u00e9couvrir le Lot-et-Garonne<\/strong><\/span> : <a href=\"http:\/\/www.guide-du-lot-et-garonne.com\">www.guide-du-lot-et-garonne.com<\/a><\/p>\t\t\t\t\t\t\t\t<\/div>\n\t\t\t\t<\/div>\n\t\t\t\t\t<\/div>\n\t\t<\/div>\n\t\t\t\t\t<\/div>\n\t\t<\/section>\n\t\t\t\t<\/div>\n\t\t","protected":false},"excerpt":{"rendered":"<p>Au Moulin Terrain de p\u00e9tanque Balade autour du lac * Cano\u00eb sur le lac * La p\u00eache V\u00e9los \u00e0 disposition (adultes et enfants) Babyfoot Ping-pong Piscine, tennis, \u00e9quitation \u00e0 proximit\u00e9 P\u00e9dalo * Pour les activit\u00e9s aquatiques, les enfants doivent \u00eatre obligatoirement encadr\u00e9s des parents. Dans la r\u00e9gion Sur la commune de Monflanquin, id\u00e9alement situ\u00e9e entre <a class=\"read-more\" href=\"https:\/\/le-moulin-de-boulede.com\/index.php\/les-activites\/\">READ MORE<\/a><\/p>\n","protected":false},"author":1,"featured_media":0,"parent":0,"menu_order":0,"comment_status":"closed","ping_status":"closed","template":"","meta":{"footnotes":""},"class_list":["post-195","page","type-page","status-publish","hentry"],"yoast_head":"<!-- This site is optimized with the Yoast SEO plugin v27.3 - https:\/\/yoast.com\/product\/yoast-seo-wordpress\/ -->\n<title>Les Activit\u00e9s - Le Moulin de Boul\u00e8de<\/title>\n<meta name=\"robots\" content=\"index, follow, max-snippet:-1, max-image-preview:large, max-video-preview:-1\" \/>\n<link rel=\"canonical\" href=\"https:\/\/le-moulin-de-boulede.com\/index.php\/les-activites\/\" \/>\n<meta property=\"og:locale\" content=\"fr_FR\" \/>\n<meta property=\"og:type\" content=\"article\" \/>\n<meta property=\"og:title\" content=\"Les Activit\u00e9s - Le Moulin de Boul\u00e8de\" \/>\n<meta property=\"og:description\" content=\"Au Moulin Terrain de p\u00e9tanque Balade autour du lac * Cano\u00eb sur le lac * La p\u00eache V\u00e9los \u00e0 disposition (adultes et enfants) Babyfoot Ping-pong Piscine, tennis, \u00e9quitation \u00e0 proximit\u00e9 P\u00e9dalo * Pour les activit\u00e9s aquatiques, les enfants doivent \u00eatre obligatoirement encadr\u00e9s des parents. Dans la r\u00e9gion Sur la commune de Monflanquin, id\u00e9alement situ\u00e9e entre READ MORE\" \/>\n<meta property=\"og:url\" content=\"https:\/\/le-moulin-de-boulede.com\/index.php\/les-activites\/\" \/>\n<meta property=\"og:site_name\" content=\"Le Moulin de Boul\u00e8de\" \/>\n<meta property=\"article:modified_time\" content=\"2021-07-13T12:52:22+00:00\" \/>\n<meta name=\"twitter:card\" content=\"summary_large_image\" \/>\n<meta name=\"twitter:label1\" content=\"Dur\u00e9e de lecture estim\u00e9e\" \/>\n\t<meta name=\"twitter:data1\" content=\"2 minutes\" \/>\n<script type=\"application\/ld+json\" class=\"yoast-schema-graph\">{\"@context\":\"https:\\\/\\\/schema.org\",\"@graph\":[{\"@type\":\"WebPage\",\"@id\":\"https:\\\/\\\/le-moulin-de-boulede.com\\\/index.php\\\/les-activites\\\/\",\"url\":\"https:\\\/\\\/le-moulin-de-boulede.com\\\/index.php\\\/les-activites\\\/\",\"name\":\"Les Activit\u00e9s - Le Moulin de Boul\u00e8de\",\"isPartOf\":{\"@id\":\"https:\\\/\\\/le-moulin-de-boulede.com\\\/#website\"},\"datePublished\":\"2019-01-18T10:26:16+00:00\",\"dateModified\":\"2021-07-13T12:52:22+00:00\",\"breadcrumb\":{\"@id\":\"https:\\\/\\\/le-moulin-de-boulede.com\\\/index.php\\\/les-activites\\\/#breadcrumb\"},\"inLanguage\":\"fr-FR\",\"potentialAction\":[{\"@type\":\"ReadAction\",\"target\":[\"https:\\\/\\\/le-moulin-de-boulede.com\\\/index.php\\\/les-activites\\\/\"]}]},{\"@type\":\"BreadcrumbList\",\"@id\":\"https:\\\/\\\/le-moulin-de-boulede.com\\\/index.php\\\/les-activites\\\/#breadcrumb\",\"itemListElement\":[{\"@type\":\"ListItem\",\"position\":1,\"name\":\"Accueil\",\"item\":\"https:\\\/\\\/le-moulin-de-boulede.com\\\/\"},{\"@type\":\"ListItem\",\"position\":2,\"name\":\"Les Activit\u00e9s\"}]},{\"@type\":\"WebSite\",\"@id\":\"https:\\\/\\\/le-moulin-de-boulede.com\\\/#website\",\"url\":\"https:\\\/\\\/le-moulin-de-boulede.com\\\/\",\"name\":\"Le Moulin De Boulede\",\"description\":\"Manger, dormir, r\u00eaver...\",\"potentialAction\":[{\"@type\":\"SearchAction\",\"target\":{\"@type\":\"EntryPoint\",\"urlTemplate\":\"https:\\\/\\\/le-moulin-de-boulede.com\\\/?s={search_term_string}\"},\"query-input\":{\"@type\":\"PropertyValueSpecification\",\"valueRequired\":true,\"valueName\":\"search_term_string\"}}],\"inLanguage\":\"fr-FR\"}]}<\/script>\n<!-- \/ Yoast SEO plugin. -->","yoast_head_json":{"title":"Les Activit\u00e9s - Le Moulin de Boul\u00e8de","robots":{"index":"index","follow":"follow","max-snippet":"max-snippet:-1","max-image-preview":"max-image-preview:large","max-video-preview":"max-video-preview:-1"},"canonical":"https:\/\/le-moulin-de-boulede.com\/index.php\/les-activites\/","og_locale":"fr_FR","og_type":"article","og_title":"Les Activit\u00e9s - Le Moulin de Boul\u00e8de","og_description":"Au Moulin Terrain de p\u00e9tanque Balade autour du lac * Cano\u00eb sur le lac * La p\u00eache V\u00e9los \u00e0 disposition (adultes et enfants) Babyfoot Ping-pong Piscine, tennis, \u00e9quitation \u00e0 proximit\u00e9 P\u00e9dalo * Pour les activit\u00e9s aquatiques, les enfants doivent \u00eatre obligatoirement encadr\u00e9s des parents. Dans la r\u00e9gion Sur la commune de Monflanquin, id\u00e9alement situ\u00e9e entre READ MORE","og_url":"https:\/\/le-moulin-de-boulede.com\/index.php\/les-activites\/","og_site_name":"Le Moulin de Boul\u00e8de","article_modified_time":"2021-07-13T12:52:22+00:00","twitter_card":"summary_large_image","twitter_misc":{"Dur\u00e9e de lecture estim\u00e9e":"2 minutes"},"schema":{"@context":"https:\/\/schema.org","@graph":[{"@type":"WebPage","@id":"https:\/\/le-moulin-de-boulede.com\/index.php\/les-activites\/","url":"https:\/\/le-moulin-de-boulede.com\/index.php\/les-activites\/","name":"Les Activit\u00e9s - Le Moulin de Boul\u00e8de","isPartOf":{"@id":"https:\/\/le-moulin-de-boulede.com\/#website"},"datePublished":"2019-01-18T10:26:16+00:00","dateModified":"2021-07-13T12:52:22+00:00","breadcrumb":{"@id":"https:\/\/le-moulin-de-boulede.com\/index.php\/les-activites\/#breadcrumb"},"inLanguage":"fr-FR","potentialAction":[{"@type":"ReadAction","target":["https:\/\/le-moulin-de-boulede.com\/index.php\/les-activites\/"]}]},{"@type":"BreadcrumbList","@id":"https:\/\/le-moulin-de-boulede.com\/index.php\/les-activites\/#breadcrumb","itemListElement":[{"@type":"ListItem","position":1,"name":"Accueil","item":"https:\/\/le-moulin-de-boulede.com\/"},{"@type":"ListItem","position":2,"name":"Les Activit\u00e9s"}]},{"@type":"WebSite","@id":"https:\/\/le-moulin-de-boulede.com\/#website","url":"https:\/\/le-moulin-de-boulede.com\/","name":"Le Moulin De Boulede","description":"Manger, dormir, r\u00eaver...","potentialAction":[{"@type":"SearchAction","target":{"@type":"EntryPoint","urlTemplate":"https:\/\/le-moulin-de-boulede.com\/?s={search_term_string}"},"query-input":{"@type":"PropertyValueSpecification","valueRequired":true,"valueName":"search_term_string"}}],"inLanguage":"fr-FR"}]}},"_links":{"self":[{"href":"https:\/\/le-moulin-de-boulede.com\/index.php\/wp-json\/wp\/v2\/pages\/195","targetHints":{"allow":["GET"]}}],"collection":[{"href":"https:\/\/le-moulin-de-boulede.com\/index.php\/wp-json\/wp\/v2\/pages"}],"about":[{"href":"https:\/\/le-moulin-de-boulede.com\/index.php\/wp-json\/wp\/v2\/types\/page"}],"author":[{"embeddable":true,"href":"https:\/\/le-moulin-de-boulede.com\/index.php\/wp-json\/wp\/v2\/users\/1"}],"replies":[{"embeddable":true,"href":"https:\/\/le-moulin-de-boulede.com\/index.php\/wp-json\/wp\/v2\/comments?post=195"}],"version-history":[{"count":20,"href":"https:\/\/le-moulin-de-boulede.com\/index.php\/wp-json\/wp\/v2\/pages\/195\/revisions"}],"predecessor-version":[{"id":423,"href":"https:\/\/le-moulin-de-boulede.com\/index.php\/wp-json\/wp\/v2\/pages\/195\/revisions\/423"}],"wp:attachment":[{"href":"https:\/\/le-moulin-de-boulede.com\/index.php\/wp-json\/wp\/v2\/media?parent=195"}],"curies":[{"name":"wp","href":"https:\/\/api.w.org\/{rel}","templated":true}]}}