{"id":192,"date":"2019-01-18T11:21:42","date_gmt":"2019-01-18T10:21:42","guid":{"rendered":"http:\/\/le-moulin-de-boulede.com\/?page_id=192"},"modified":"2021-07-13T14:49:45","modified_gmt":"2021-07-13T12:49:45","slug":"le-domaine","status":"publish","type":"page","link":"https:\/\/le-moulin-de-boulede.com\/index.php\/le-domaine\/","title":{"rendered":"Le Domaine"},"content":{"rendered":"\t\t<div data-elementor-type=\"wp-post\" data-elementor-id=\"192\" class=\"elementor elementor-192\">\n\t\t\t\t\t\t<section class=\"elementor-section elementor-top-section elementor-element elementor-element-5a247f5 elementor-section-boxed elementor-section-height-default elementor-section-height-default\" data-id=\"5a247f5\" data-element_type=\"section\" data-e-type=\"section\">\n\t\t\t\t\t\t<div class=\"elementor-container elementor-column-gap-default\">\n\t\t\t\t\t<div class=\"elementor-column elementor-col-100 elementor-top-column elementor-element elementor-element-979d392\" data-id=\"979d392\" data-element_type=\"column\" data-e-type=\"column\">\n\t\t\t<div class=\"elementor-widget-wrap elementor-element-populated\">\n\t\t\t\t\t\t\t<\/div>\n\t\t<\/div>\n\t\t\t\t\t<\/div>\n\t\t<\/section>\n\t\t\t\t<section class=\"elementor-section elementor-top-section elementor-element elementor-element-b27624b elementor-section-boxed elementor-section-height-default elementor-section-height-default\" data-id=\"b27624b\" data-element_type=\"section\" data-e-type=\"section\">\n\t\t\t\t\t\t<div class=\"elementor-container elementor-column-gap-default\">\n\t\t\t\t\t<div class=\"elementor-column elementor-col-100 elementor-top-column elementor-element elementor-element-3c0b456\" data-id=\"3c0b456\" data-element_type=\"column\" data-e-type=\"column\">\n\t\t\t<div class=\"elementor-widget-wrap elementor-element-populated\">\n\t\t\t\t\t\t<div class=\"elementor-element elementor-element-c8616a0 elementor-widget elementor-widget-heading\" data-id=\"c8616a0\" data-element_type=\"widget\" data-e-type=\"widget\" data-widget_type=\"heading.default\">\n\t\t\t\t<div class=\"elementor-widget-container\">\n\t\t\t\t\t<h2 class=\"elementor-heading-title elementor-size-default\">Histoire du domaine<\/h2>\t\t\t\t<\/div>\n\t\t\t\t<\/div>\n\t\t\t\t<div class=\"elementor-element elementor-element-ec7b053 elementor-widget elementor-widget-text-editor\" data-id=\"ec7b053\" data-element_type=\"widget\" data-e-type=\"widget\" data-widget_type=\"text-editor.default\">\n\t\t\t\t<div class=\"elementor-widget-container\">\n\t\t\t\t\t\t\t\t\t<p>Construit au cours du XVIIIe si\u00e8cle, Le Moulin de Boul\u00e8de appartient \u00e0 l&rsquo;histoire du patrimoine de Monflanquin et de la r\u00e9gion.<\/p><p>La b\u00e2tisse, assise sur la rivi\u00e8re de la L\u00e8de, \u00e9tait \u00e0 la fois un moulin \u00e0 eau pour la production de farine et de pain, un relais postal et une piscine municipale.<\/p><p>Son nom tire son origine des \u00ab\u00a0boules\u00a0\u00bb de moulins, proc\u00e9d\u00e9 utilis\u00e9 \u00e0 l&rsquo;\u00e9poque pour le transport du courrier par voie fluviale.<\/p>\t\t\t\t\t\t\t\t<\/div>\n\t\t\t\t<\/div>\n\t\t\t\t<div class=\"elementor-element elementor-element-2b8cb2f elementor-widget elementor-widget-heading\" data-id=\"2b8cb2f\" data-element_type=\"widget\" data-e-type=\"widget\" data-widget_type=\"heading.default\">\n\t\t\t\t<div class=\"elementor-widget-container\">\n\t\t\t\t\t<h2 class=\"elementor-heading-title elementor-size-default\">Les habitants du domaine<\/h2>\t\t\t\t<\/div>\n\t\t\t\t<\/div>\n\t\t\t\t<div class=\"elementor-element elementor-element-4623eca elementor-widget elementor-widget-text-editor\" data-id=\"4623eca\" data-element_type=\"widget\" data-e-type=\"widget\" data-widget_type=\"text-editor.default\">\n\t\t\t\t<div class=\"elementor-widget-container\">\n\t\t\t\t\t\t\t\t\t<p>Vos h\u00f4tes, Guy, artisan-coiffeur, et Rosa, son \u00e9pouse, ont quitt\u00e9 le nord de la France, s\u00e9duits par les charmes de la r\u00e9gion :<br \/>\u00ab\u00a0Passionn\u00e9s de gastronomie et soucieux d&rsquo;une riche convivialit\u00e9, nous \u00e9tions \u00e0 la recherche d&rsquo;un cadre nous permettant de r\u00e9pondre \u00e0 nos attentes. Le Moulin de Boul\u00e8de s&rsquo;est invit\u00e9 sur notre chemin, devenant la cl\u00e9 de notre projet.Nous sommes heureux de vous accueillir dans ces lieux, pour prendre soin de vous. Nos chiens, Figaro et Jazz, la petite chatte Noisette, vous feront \u00e9galement bon accueil. Dans le parc, aux abords du lac, vous pourrez apercevoir la famille \u00e9cureuil, la grande aigrette blanche, les h\u00e9rons &#8211; seigneurs de ce lieu -, au c\u0153ur d&rsquo;une faune et d&rsquo;une flore tr\u00e8s diverses.\u00a0\u00bb<\/p>\t\t\t\t\t\t\t\t<\/div>\n\t\t\t\t<\/div>\n\t\t\t\t\t<\/div>\n\t\t<\/div>\n\t\t\t\t\t<\/div>\n\t\t<\/section>\n\t\t\t\t<\/div>\n\t\t","protected":false},"excerpt":{"rendered":"<p>Histoire du domaine Construit au cours du XVIIIe si\u00e8cle, Le Moulin de Boul\u00e8de appartient \u00e0 l&rsquo;histoire du patrimoine de Monflanquin et de la r\u00e9gion. La b\u00e2tisse, assise sur la rivi\u00e8re de la L\u00e8de, \u00e9tait \u00e0 la fois un moulin \u00e0 eau pour la production de farine et de pain, un relais postal et une piscine <a class=\"read-more\" href=\"https:\/\/le-moulin-de-boulede.com\/index.php\/le-domaine\/\">READ MORE<\/a><\/p>\n","protected":false},"author":1,"featured_media":0,"parent":0,"menu_order":0,"comment_status":"closed","ping_status":"closed","template":"","meta":{"footnotes":""},"class_list":["post-192","page","type-page","status-publish","hentry"],"yoast_head":"<!-- This site is optimized with the Yoast SEO plugin v27.3 - https:\/\/yoast.com\/product\/yoast-seo-wordpress\/ -->\n<title>Le Domaine - Le Moulin de Boul\u00e8de<\/title>\n<meta name=\"robots\" content=\"index, follow, max-snippet:-1, max-image-preview:large, max-video-preview:-1\" \/>\n<link rel=\"canonical\" href=\"https:\/\/le-moulin-de-boulede.com\/index.php\/le-domaine\/\" \/>\n<meta property=\"og:locale\" content=\"fr_FR\" \/>\n<meta property=\"og:type\" content=\"article\" \/>\n<meta property=\"og:title\" content=\"Le Domaine - Le Moulin de Boul\u00e8de\" \/>\n<meta property=\"og:description\" content=\"Histoire du domaine Construit au cours du XVIIIe si\u00e8cle, Le Moulin de Boul\u00e8de appartient \u00e0 l&rsquo;histoire du patrimoine de Monflanquin et de la r\u00e9gion. La b\u00e2tisse, assise sur la rivi\u00e8re de la L\u00e8de, \u00e9tait \u00e0 la fois un moulin \u00e0 eau pour la production de farine et de pain, un relais postal et une piscine READ MORE\" \/>\n<meta property=\"og:url\" content=\"https:\/\/le-moulin-de-boulede.com\/index.php\/le-domaine\/\" \/>\n<meta property=\"og:site_name\" content=\"Le Moulin de Boul\u00e8de\" \/>\n<meta property=\"article:modified_time\" content=\"2021-07-13T12:49:45+00:00\" \/>\n<meta name=\"twitter:card\" content=\"summary_large_image\" \/>\n<meta name=\"twitter:label1\" content=\"Dur\u00e9e de lecture estim\u00e9e\" \/>\n\t<meta name=\"twitter:data1\" content=\"1 minute\" \/>\n<script type=\"application\/ld+json\" class=\"yoast-schema-graph\">{\"@context\":\"https:\\\/\\\/schema.org\",\"@graph\":[{\"@type\":\"WebPage\",\"@id\":\"https:\\\/\\\/le-moulin-de-boulede.com\\\/index.php\\\/le-domaine\\\/\",\"url\":\"https:\\\/\\\/le-moulin-de-boulede.com\\\/index.php\\\/le-domaine\\\/\",\"name\":\"Le Domaine - Le Moulin de Boul\u00e8de\",\"isPartOf\":{\"@id\":\"https:\\\/\\\/le-moulin-de-boulede.com\\\/#website\"},\"datePublished\":\"2019-01-18T10:21:42+00:00\",\"dateModified\":\"2021-07-13T12:49:45+00:00\",\"breadcrumb\":{\"@id\":\"https:\\\/\\\/le-moulin-de-boulede.com\\\/index.php\\\/le-domaine\\\/#breadcrumb\"},\"inLanguage\":\"fr-FR\",\"potentialAction\":[{\"@type\":\"ReadAction\",\"target\":[\"https:\\\/\\\/le-moulin-de-boulede.com\\\/index.php\\\/le-domaine\\\/\"]}]},{\"@type\":\"BreadcrumbList\",\"@id\":\"https:\\\/\\\/le-moulin-de-boulede.com\\\/index.php\\\/le-domaine\\\/#breadcrumb\",\"itemListElement\":[{\"@type\":\"ListItem\",\"position\":1,\"name\":\"Accueil\",\"item\":\"https:\\\/\\\/le-moulin-de-boulede.com\\\/\"},{\"@type\":\"ListItem\",\"position\":2,\"name\":\"Le Domaine\"}]},{\"@type\":\"WebSite\",\"@id\":\"https:\\\/\\\/le-moulin-de-boulede.com\\\/#website\",\"url\":\"https:\\\/\\\/le-moulin-de-boulede.com\\\/\",\"name\":\"Le Moulin De Boulede\",\"description\":\"Manger, dormir, r\u00eaver...\",\"potentialAction\":[{\"@type\":\"SearchAction\",\"target\":{\"@type\":\"EntryPoint\",\"urlTemplate\":\"https:\\\/\\\/le-moulin-de-boulede.com\\\/?s={search_term_string}\"},\"query-input\":{\"@type\":\"PropertyValueSpecification\",\"valueRequired\":true,\"valueName\":\"search_term_string\"}}],\"inLanguage\":\"fr-FR\"}]}<\/script>\n<!-- \/ Yoast SEO plugin. -->","yoast_head_json":{"title":"Le Domaine - Le Moulin de Boul\u00e8de","robots":{"index":"index","follow":"follow","max-snippet":"max-snippet:-1","max-image-preview":"max-image-preview:large","max-video-preview":"max-video-preview:-1"},"canonical":"https:\/\/le-moulin-de-boulede.com\/index.php\/le-domaine\/","og_locale":"fr_FR","og_type":"article","og_title":"Le Domaine - Le Moulin de Boul\u00e8de","og_description":"Histoire du domaine Construit au cours du XVIIIe si\u00e8cle, Le Moulin de Boul\u00e8de appartient \u00e0 l&rsquo;histoire du patrimoine de Monflanquin et de la r\u00e9gion. La b\u00e2tisse, assise sur la rivi\u00e8re de la L\u00e8de, \u00e9tait \u00e0 la fois un moulin \u00e0 eau pour la production de farine et de pain, un relais postal et une piscine READ MORE","og_url":"https:\/\/le-moulin-de-boulede.com\/index.php\/le-domaine\/","og_site_name":"Le Moulin de Boul\u00e8de","article_modified_time":"2021-07-13T12:49:45+00:00","twitter_card":"summary_large_image","twitter_misc":{"Dur\u00e9e de lecture estim\u00e9e":"1 minute"},"schema":{"@context":"https:\/\/schema.org","@graph":[{"@type":"WebPage","@id":"https:\/\/le-moulin-de-boulede.com\/index.php\/le-domaine\/","url":"https:\/\/le-moulin-de-boulede.com\/index.php\/le-domaine\/","name":"Le Domaine - Le Moulin de Boul\u00e8de","isPartOf":{"@id":"https:\/\/le-moulin-de-boulede.com\/#website"},"datePublished":"2019-01-18T10:21:42+00:00","dateModified":"2021-07-13T12:49:45+00:00","breadcrumb":{"@id":"https:\/\/le-moulin-de-boulede.com\/index.php\/le-domaine\/#breadcrumb"},"inLanguage":"fr-FR","potentialAction":[{"@type":"ReadAction","target":["https:\/\/le-moulin-de-boulede.com\/index.php\/le-domaine\/"]}]},{"@type":"BreadcrumbList","@id":"https:\/\/le-moulin-de-boulede.com\/index.php\/le-domaine\/#breadcrumb","itemListElement":[{"@type":"ListItem","position":1,"name":"Accueil","item":"https:\/\/le-moulin-de-boulede.com\/"},{"@type":"ListItem","position":2,"name":"Le Domaine"}]},{"@type":"WebSite","@id":"https:\/\/le-moulin-de-boulede.com\/#website","url":"https:\/\/le-moulin-de-boulede.com\/","name":"Le Moulin De Boulede","description":"Manger, dormir, r\u00eaver...","potentialAction":[{"@type":"SearchAction","target":{"@type":"EntryPoint","urlTemplate":"https:\/\/le-moulin-de-boulede.com\/?s={search_term_string}"},"query-input":{"@type":"PropertyValueSpecification","valueRequired":true,"valueName":"search_term_string"}}],"inLanguage":"fr-FR"}]}},"_links":{"self":[{"href":"https:\/\/le-moulin-de-boulede.com\/index.php\/wp-json\/wp\/v2\/pages\/192","targetHints":{"allow":["GET"]}}],"collection":[{"href":"https:\/\/le-moulin-de-boulede.com\/index.php\/wp-json\/wp\/v2\/pages"}],"about":[{"href":"https:\/\/le-moulin-de-boulede.com\/index.php\/wp-json\/wp\/v2\/types\/page"}],"author":[{"embeddable":true,"href":"https:\/\/le-moulin-de-boulede.com\/index.php\/wp-json\/wp\/v2\/users\/1"}],"replies":[{"embeddable":true,"href":"https:\/\/le-moulin-de-boulede.com\/index.php\/wp-json\/wp\/v2\/comments?post=192"}],"version-history":[{"count":10,"href":"https:\/\/le-moulin-de-boulede.com\/index.php\/wp-json\/wp\/v2\/pages\/192\/revisions"}],"predecessor-version":[{"id":420,"href":"https:\/\/le-moulin-de-boulede.com\/index.php\/wp-json\/wp\/v2\/pages\/192\/revisions\/420"}],"wp:attachment":[{"href":"https:\/\/le-moulin-de-boulede.com\/index.php\/wp-json\/wp\/v2\/media?parent=192"}],"curies":[{"name":"wp","href":"https:\/\/api.w.org\/{rel}","templated":true}]}}