{"id":170,"date":"2019-01-16T19:24:17","date_gmt":"2019-01-16T18:24:17","guid":{"rendered":"http:\/\/le-moulin-de-boulede.com\/?page_id=170"},"modified":"2019-05-19T11:48:06","modified_gmt":"2019-05-19T09:48:06","slug":"accueil","status":"publish","type":"page","link":"https:\/\/le-moulin-de-boulede.com\/","title":{"rendered":"Accueil"},"content":{"rendered":"\t\t<div data-elementor-type=\"wp-post\" data-elementor-id=\"170\" class=\"elementor elementor-170\">\n\t\t\t\t\t\t<section class=\"elementor-section elementor-top-section elementor-element elementor-element-1c7ba6d elementor-section-boxed elementor-section-height-default elementor-section-height-default\" data-id=\"1c7ba6d\" data-element_type=\"section\" data-e-type=\"section\">\n\t\t\t\t\t\t<div class=\"elementor-container elementor-column-gap-default\">\n\t\t\t\t\t<div class=\"elementor-column elementor-col-100 elementor-top-column elementor-element elementor-element-c98b08d\" data-id=\"c98b08d\" data-element_type=\"column\" data-e-type=\"column\">\n\t\t\t<div class=\"elementor-widget-wrap elementor-element-populated\">\n\t\t\t\t\t\t<div class=\"elementor-element elementor-element-c8011ca elementor-widget elementor-widget-heading\" data-id=\"c8011ca\" data-element_type=\"widget\" data-e-type=\"widget\" data-widget_type=\"heading.default\">\n\t\t\t\t<div class=\"elementor-widget-container\">\n\t\t\t\t\t<h2 class=\"elementor-heading-title elementor-size-default\">Le Moulin de Boul\u00e8de, Maison d'h\u00f4tes au charme d'antan<\/h2>\t\t\t\t<\/div>\n\t\t\t\t<\/div>\n\t\t\t\t\t<\/div>\n\t\t<\/div>\n\t\t\t\t\t<\/div>\n\t\t<\/section>\n\t\t\t\t<section class=\"elementor-section elementor-top-section elementor-element elementor-element-99e655d elementor-section-boxed elementor-section-height-default elementor-section-height-default\" data-id=\"99e655d\" data-element_type=\"section\" data-e-type=\"section\">\n\t\t\t\t\t\t<div class=\"elementor-container elementor-column-gap-default\">\n\t\t\t\t\t<div class=\"elementor-column elementor-col-100 elementor-top-column elementor-element elementor-element-dcf0af4\" data-id=\"dcf0af4\" data-element_type=\"column\" data-e-type=\"column\">\n\t\t\t<div class=\"elementor-widget-wrap elementor-element-populated\">\n\t\t\t\t\t\t<div class=\"elementor-element elementor-element-3321161 elementor-widget elementor-widget-text-editor\" data-id=\"3321161\" data-element_type=\"widget\" data-e-type=\"widget\" data-widget_type=\"text-editor.default\">\n\t\t\t\t<div class=\"elementor-widget-container\">\n\t\t\t\t\t\t\t\t\t<p>Au c\u0153ur du Lot-et-Garonne, <strong>Guy et Rosa<\/strong>, propri\u00e9taires du Moulin de Boul\u00e8de, vous accueillent dans leurs chambres d&rsquo;h\u00f4tes de charme ainsi qu&rsquo;\u00e0 leur table.<\/p><p>Le calme et la convivialit\u00e9 vous feront appr\u00e9cier l&rsquo;ambiance de ce lieu idyllique.<\/p><p>Le lac et son vaste parc de plus de 3 hectares vous invitent \u00e0 la d\u00e9tente et aux loisirs propos\u00e9s (balades \u00e0 pied ou \u00e0 v\u00e9lo, p\u00eache, cano\u00eb, p\u00e9tanque, piscine municipale, tennis, \u00e9quitation \u00e0 proximit\u00e9, &#8230;).<\/p><p>Une envie de visiter la r\u00e9gion, de pratiquer des activit\u00e9s sportives, un besoin de calme, d\u00e9tente, m\u00e9ditation&#8230; vos h\u00f4tes sauront \u00eatre attentifs \u00e0 vos attentes.<\/p><p>En couple ou en famille, <strong>chaque chambre d&rsquo;h\u00f4tes<\/strong>, d\u00e9cor\u00e9e avec go\u00fbt, vous propose une literie de qualit\u00e9 ainsi qu&rsquo;une terrasse individuelle : pour un bain de soleil en \u00e9t\u00e9 ou profiter des derniers rayons d&rsquo;hiver.<\/p><p><strong>Inclus \u00e0 la chambre d&rsquo;h\u00f4tes un chaleureux petit d\u00e9jeuner vous sera propos\u00e9.<\/strong><\/p><p>La table d&rsquo;h\u00f4tes du Moulin de Boul\u00e8de, ouverte au public, vous accueille toute l&rsquo;ann\u00e9e et vous propose une cuisine raffin\u00e9e, dans le respect du terroir, avec le plaisir du \u00ab\u00a0fait maison\u00a0\u00bb (sur r\u00e9servation uniquement).<\/p><p>Un accueil particulier est r\u00e9serv\u00e9 \u00e0 nos amis motards.<\/p><p>Les petits animaux de compagnie sont les bienvenus.<\/p><p><strong>\u00c9quipement du Moulin :<\/strong><\/p><p><strong>Int\u00e9rieur :<\/strong><\/p><ul><li>Wi-Fi, t\u00e9l\u00e9vision, \u00e9quipement b\u00e9b\u00e9 (lit b\u00e9b\u00e9, chaise haute)<\/li><\/ul><p><strong>Ext\u00e9rieur :<\/strong><\/p><ul><li>Pour les h\u00f4tes, parking priv\u00e9<\/li><li>Pour les motards, parking ferm\u00e9, petit mat\u00e9riel pour r\u00e9parations<\/li><\/ul>\t\t\t\t\t\t\t\t<\/div>\n\t\t\t\t<\/div>\n\t\t\t\t\t<\/div>\n\t\t<\/div>\n\t\t\t\t\t<\/div>\n\t\t<\/section>\n\t\t\t\t<\/div>\n\t\t","protected":false},"excerpt":{"rendered":"<p>Le Moulin de Boul\u00e8de, Maison d&rsquo;h\u00f4tes au charme d&rsquo;antan Au c\u0153ur du Lot-et-Garonne, Guy et Rosa, propri\u00e9taires du Moulin de Boul\u00e8de, vous accueillent dans leurs chambres d&rsquo;h\u00f4tes de charme ainsi qu&rsquo;\u00e0 leur table. Le calme et la convivialit\u00e9 vous feront appr\u00e9cier l&rsquo;ambiance de ce lieu idyllique. Le lac et son vaste parc de plus de <a class=\"read-more\" href=\"https:\/\/le-moulin-de-boulede.com\/\">READ MORE<\/a><\/p>\n","protected":false},"author":1,"featured_media":0,"parent":0,"menu_order":0,"comment_status":"closed","ping_status":"closed","template":"","meta":{"footnotes":""},"class_list":["post-170","page","type-page","status-publish","hentry"],"yoast_head":"<!-- This site is optimized with the Yoast SEO plugin v27.3 - https:\/\/yoast.com\/product\/yoast-seo-wordpress\/ -->\n<title>Accueil - Le Moulin de Boul\u00e8de<\/title>\n<meta name=\"robots\" content=\"index, follow, max-snippet:-1, max-image-preview:large, max-video-preview:-1\" \/>\n<link rel=\"canonical\" href=\"https:\/\/le-moulin-de-boulede.com\/\" \/>\n<meta property=\"og:locale\" content=\"fr_FR\" \/>\n<meta property=\"og:type\" content=\"article\" \/>\n<meta property=\"og:title\" content=\"Accueil - Le Moulin de Boul\u00e8de\" \/>\n<meta property=\"og:description\" content=\"Le Moulin de Boul\u00e8de, Maison d&rsquo;h\u00f4tes au charme d&rsquo;antan Au c\u0153ur du Lot-et-Garonne, Guy et Rosa, propri\u00e9taires du Moulin de Boul\u00e8de, vous accueillent dans leurs chambres d&rsquo;h\u00f4tes de charme ainsi qu&rsquo;\u00e0 leur table. Le calme et la convivialit\u00e9 vous feront appr\u00e9cier l&rsquo;ambiance de ce lieu idyllique. Le lac et son vaste parc de plus de READ MORE\" \/>\n<meta property=\"og:url\" content=\"https:\/\/le-moulin-de-boulede.com\/\" \/>\n<meta property=\"og:site_name\" content=\"Le Moulin de Boul\u00e8de\" \/>\n<meta property=\"article:modified_time\" content=\"2019-05-19T09:48:06+00:00\" \/>\n<meta name=\"twitter:card\" content=\"summary_large_image\" \/>\n<meta name=\"twitter:label1\" content=\"Dur\u00e9e de lecture estim\u00e9e\" \/>\n\t<meta name=\"twitter:data1\" content=\"1 minute\" \/>\n<script type=\"application\/ld+json\" class=\"yoast-schema-graph\">{\"@context\":\"https:\\\/\\\/schema.org\",\"@graph\":[{\"@type\":\"WebPage\",\"@id\":\"https:\\\/\\\/le-moulin-de-boulede.com\\\/\",\"url\":\"https:\\\/\\\/le-moulin-de-boulede.com\\\/\",\"name\":\"Accueil - Le Moulin de Boul\u00e8de\",\"isPartOf\":{\"@id\":\"https:\\\/\\\/le-moulin-de-boulede.com\\\/#website\"},\"datePublished\":\"2019-01-16T18:24:17+00:00\",\"dateModified\":\"2019-05-19T09:48:06+00:00\",\"breadcrumb\":{\"@id\":\"https:\\\/\\\/le-moulin-de-boulede.com\\\/#breadcrumb\"},\"inLanguage\":\"fr-FR\",\"potentialAction\":[{\"@type\":\"ReadAction\",\"target\":[\"https:\\\/\\\/le-moulin-de-boulede.com\\\/\"]}]},{\"@type\":\"BreadcrumbList\",\"@id\":\"https:\\\/\\\/le-moulin-de-boulede.com\\\/#breadcrumb\",\"itemListElement\":[{\"@type\":\"ListItem\",\"position\":1,\"name\":\"Accueil\",\"item\":\"https:\\\/\\\/le-moulin-de-boulede.com\\\/\"},{\"@type\":\"ListItem\",\"position\":2,\"name\":\"Accueil\"}]},{\"@type\":\"WebSite\",\"@id\":\"https:\\\/\\\/le-moulin-de-boulede.com\\\/#website\",\"url\":\"https:\\\/\\\/le-moulin-de-boulede.com\\\/\",\"name\":\"Le Moulin De Boulede\",\"description\":\"Manger, dormir, r\u00eaver...\",\"potentialAction\":[{\"@type\":\"SearchAction\",\"target\":{\"@type\":\"EntryPoint\",\"urlTemplate\":\"https:\\\/\\\/le-moulin-de-boulede.com\\\/?s={search_term_string}\"},\"query-input\":{\"@type\":\"PropertyValueSpecification\",\"valueRequired\":true,\"valueName\":\"search_term_string\"}}],\"inLanguage\":\"fr-FR\"}]}<\/script>\n<!-- \/ Yoast SEO plugin. -->","yoast_head_json":{"title":"Accueil - Le Moulin de Boul\u00e8de","robots":{"index":"index","follow":"follow","max-snippet":"max-snippet:-1","max-image-preview":"max-image-preview:large","max-video-preview":"max-video-preview:-1"},"canonical":"https:\/\/le-moulin-de-boulede.com\/","og_locale":"fr_FR","og_type":"article","og_title":"Accueil - Le Moulin de Boul\u00e8de","og_description":"Le Moulin de Boul\u00e8de, Maison d&rsquo;h\u00f4tes au charme d&rsquo;antan Au c\u0153ur du Lot-et-Garonne, Guy et Rosa, propri\u00e9taires du Moulin de Boul\u00e8de, vous accueillent dans leurs chambres d&rsquo;h\u00f4tes de charme ainsi qu&rsquo;\u00e0 leur table. Le calme et la convivialit\u00e9 vous feront appr\u00e9cier l&rsquo;ambiance de ce lieu idyllique. Le lac et son vaste parc de plus de READ MORE","og_url":"https:\/\/le-moulin-de-boulede.com\/","og_site_name":"Le Moulin de Boul\u00e8de","article_modified_time":"2019-05-19T09:48:06+00:00","twitter_card":"summary_large_image","twitter_misc":{"Dur\u00e9e de lecture estim\u00e9e":"1 minute"},"schema":{"@context":"https:\/\/schema.org","@graph":[{"@type":"WebPage","@id":"https:\/\/le-moulin-de-boulede.com\/","url":"https:\/\/le-moulin-de-boulede.com\/","name":"Accueil - Le Moulin de Boul\u00e8de","isPartOf":{"@id":"https:\/\/le-moulin-de-boulede.com\/#website"},"datePublished":"2019-01-16T18:24:17+00:00","dateModified":"2019-05-19T09:48:06+00:00","breadcrumb":{"@id":"https:\/\/le-moulin-de-boulede.com\/#breadcrumb"},"inLanguage":"fr-FR","potentialAction":[{"@type":"ReadAction","target":["https:\/\/le-moulin-de-boulede.com\/"]}]},{"@type":"BreadcrumbList","@id":"https:\/\/le-moulin-de-boulede.com\/#breadcrumb","itemListElement":[{"@type":"ListItem","position":1,"name":"Accueil","item":"https:\/\/le-moulin-de-boulede.com\/"},{"@type":"ListItem","position":2,"name":"Accueil"}]},{"@type":"WebSite","@id":"https:\/\/le-moulin-de-boulede.com\/#website","url":"https:\/\/le-moulin-de-boulede.com\/","name":"Le Moulin De Boulede","description":"Manger, dormir, r\u00eaver...","potentialAction":[{"@type":"SearchAction","target":{"@type":"EntryPoint","urlTemplate":"https:\/\/le-moulin-de-boulede.com\/?s={search_term_string}"},"query-input":{"@type":"PropertyValueSpecification","valueRequired":true,"valueName":"search_term_string"}}],"inLanguage":"fr-FR"}]}},"_links":{"self":[{"href":"https:\/\/le-moulin-de-boulede.com\/index.php\/wp-json\/wp\/v2\/pages\/170","targetHints":{"allow":["GET"]}}],"collection":[{"href":"https:\/\/le-moulin-de-boulede.com\/index.php\/wp-json\/wp\/v2\/pages"}],"about":[{"href":"https:\/\/le-moulin-de-boulede.com\/index.php\/wp-json\/wp\/v2\/types\/page"}],"author":[{"embeddable":true,"href":"https:\/\/le-moulin-de-boulede.com\/index.php\/wp-json\/wp\/v2\/users\/1"}],"replies":[{"embeddable":true,"href":"https:\/\/le-moulin-de-boulede.com\/index.php\/wp-json\/wp\/v2\/comments?post=170"}],"version-history":[{"count":10,"href":"https:\/\/le-moulin-de-boulede.com\/index.php\/wp-json\/wp\/v2\/pages\/170\/revisions"}],"predecessor-version":[{"id":359,"href":"https:\/\/le-moulin-de-boulede.com\/index.php\/wp-json\/wp\/v2\/pages\/170\/revisions\/359"}],"wp:attachment":[{"href":"https:\/\/le-moulin-de-boulede.com\/index.php\/wp-json\/wp\/v2\/media?parent=170"}],"curies":[{"name":"wp","href":"https:\/\/api.w.org\/{rel}","templated":true}]}}